{"id":1567,"date":"2016-02-12T07:54:41","date_gmt":"2016-02-12T07:54:41","guid":{"rendered":"http:\/\/demos.famethemes.com\/onepress-plus\/?page_id=4"},"modified":"2023-07-10T19:13:10","modified_gmt":"2023-07-10T17:13:10","slug":"home-2","status":"publish","type":"page","link":"https:\/\/toutencarto.com\/","title":{"rendered":"Accueil"},"content":{"rendered":"","protected":false},"excerpt":{"rendered":"","protected":false},"author":1,"featured_media":0,"parent":0,"menu_order":0,"comment_status":"closed","ping_status":"closed","template":"template-frontpage.php","meta":{"footnotes":""},"class_list":["post-1567","page","type-page","status-publish","hentry"],"yoast_head":"<!-- This site is optimized with the Yoast SEO plugin v27.4 - https:\/\/yoast.com\/product\/yoast-seo-wordpress\/ -->\n<title>Accueil - ToutEnCarto<\/title>\n<meta name=\"description\" content=\"Formations application smartphone de randonn\u00e9e : Iphig\u00e9nie, VisuGPX, Fatmap, Visorando, AlpineQuest, etc... Sessions de formation dans toute la France. R\u00e9alisations de cartes interactives. Trekking France et \u00e9tranger.\" \/>\n<meta name=\"robots\" content=\"index, follow, max-snippet:-1, max-image-preview:large, max-video-preview:-1\" \/>\n<link rel=\"canonical\" href=\"https:\/\/toutencarto.com\/\" \/>\n<meta property=\"og:locale\" content=\"fr_FR\" \/>\n<meta property=\"og:type\" content=\"article\" \/>\n<meta property=\"og:title\" content=\"Accueil - ToutEnCarto\" \/>\n<meta property=\"og:description\" content=\"Formations application smartphone de randonn\u00e9e : Iphig\u00e9nie, VisuGPX, Fatmap, Visorando, AlpineQuest, etc... Sessions de formation dans toute la France. R\u00e9alisations de cartes interactives. Trekking France et \u00e9tranger.\" \/>\n<meta property=\"og:url\" content=\"https:\/\/toutencarto.com\/\" \/>\n<meta property=\"og:site_name\" content=\"ToutEnCarto\" \/>\n<meta property=\"article:modified_time\" content=\"2023-07-10T17:13:10+00:00\" \/>\n<meta name=\"twitter:card\" content=\"summary_large_image\" \/>\n<script type=\"application\/ld+json\" class=\"yoast-schema-graph\">{\"@context\":\"https:\\\/\\\/schema.org\",\"@graph\":[{\"@type\":\"WebPage\",\"@id\":\"https:\\\/\\\/toutencarto.com\\\/\",\"url\":\"https:\\\/\\\/toutencarto.com\\\/\",\"name\":\"Accueil - ToutEnCarto\",\"isPartOf\":{\"@id\":\"https:\\\/\\\/toutencarto.com\\\/#website\"},\"datePublished\":\"2016-02-12T07:54:41+00:00\",\"dateModified\":\"2023-07-10T17:13:10+00:00\",\"description\":\"Formations application smartphone de randonn\u00e9e : Iphig\u00e9nie, VisuGPX, Fatmap, Visorando, AlpineQuest, etc... Sessions de formation dans toute la France. R\u00e9alisations de cartes interactives. Trekking France et \u00e9tranger.\",\"breadcrumb\":{\"@id\":\"https:\\\/\\\/toutencarto.com\\\/#breadcrumb\"},\"inLanguage\":\"fr-FR\",\"potentialAction\":[{\"@type\":\"ReadAction\",\"target\":[\"https:\\\/\\\/toutencarto.com\\\/\"]}]},{\"@type\":\"BreadcrumbList\",\"@id\":\"https:\\\/\\\/toutencarto.com\\\/#breadcrumb\",\"itemListElement\":[{\"@type\":\"ListItem\",\"position\":1,\"name\":\"Accueil\",\"item\":\"https:\\\/\\\/toutencarto.com\\\/\"},{\"@type\":\"ListItem\",\"position\":2,\"name\":\"Accueil\"}]},{\"@type\":\"WebSite\",\"@id\":\"https:\\\/\\\/toutencarto.com\\\/#website\",\"url\":\"https:\\\/\\\/toutencarto.com\\\/\",\"name\":\"ToutEnCarto\",\"description\":\"Formations GPS et applis smartphone pour l&#039;orientation en milieu naturel\",\"publisher\":{\"@id\":\"https:\\\/\\\/toutencarto.com\\\/#organization\"},\"potentialAction\":[{\"@type\":\"SearchAction\",\"target\":{\"@type\":\"EntryPoint\",\"urlTemplate\":\"https:\\\/\\\/toutencarto.com\\\/?s={search_term_string}\"},\"query-input\":{\"@type\":\"PropertyValueSpecification\",\"valueRequired\":true,\"valueName\":\"search_term_string\"}}],\"inLanguage\":\"fr-FR\"},{\"@type\":\"Organization\",\"@id\":\"https:\\\/\\\/toutencarto.com\\\/#organization\",\"name\":\"ToutEnCarto\",\"url\":\"https:\\\/\\\/toutencarto.com\\\/\",\"logo\":{\"@type\":\"ImageObject\",\"inLanguage\":\"fr-FR\",\"@id\":\"https:\\\/\\\/toutencarto.com\\\/#\\\/schema\\\/logo\\\/image\\\/\",\"url\":\"https:\\\/\\\/toutencarto.com\\\/wp-content\\\/uploads\\\/2023\\\/07\\\/cropped-TOUTenCARTO_LOGO-1.jpg\",\"contentUrl\":\"https:\\\/\\\/toutencarto.com\\\/wp-content\\\/uploads\\\/2023\\\/07\\\/cropped-TOUTenCARTO_LOGO-1.jpg\",\"width\":1653,\"height\":607,\"caption\":\"ToutEnCarto\"},\"image\":{\"@id\":\"https:\\\/\\\/toutencarto.com\\\/#\\\/schema\\\/logo\\\/image\\\/\"}}]}<\/script>\n<!-- \/ Yoast SEO plugin. -->","yoast_head_json":{"title":"Accueil - ToutEnCarto","description":"Formations application smartphone de randonn\u00e9e : Iphig\u00e9nie, VisuGPX, Fatmap, Visorando, AlpineQuest, etc... Sessions de formation dans toute la France. R\u00e9alisations de cartes interactives. Trekking France et \u00e9tranger.","robots":{"index":"index","follow":"follow","max-snippet":"max-snippet:-1","max-image-preview":"max-image-preview:large","max-video-preview":"max-video-preview:-1"},"canonical":"https:\/\/toutencarto.com\/","og_locale":"fr_FR","og_type":"article","og_title":"Accueil - ToutEnCarto","og_description":"Formations application smartphone de randonn\u00e9e : Iphig\u00e9nie, VisuGPX, Fatmap, Visorando, AlpineQuest, etc... Sessions de formation dans toute la France. R\u00e9alisations de cartes interactives. Trekking France et \u00e9tranger.","og_url":"https:\/\/toutencarto.com\/","og_site_name":"ToutEnCarto","article_modified_time":"2023-07-10T17:13:10+00:00","twitter_card":"summary_large_image","schema":{"@context":"https:\/\/schema.org","@graph":[{"@type":"WebPage","@id":"https:\/\/toutencarto.com\/","url":"https:\/\/toutencarto.com\/","name":"Accueil - ToutEnCarto","isPartOf":{"@id":"https:\/\/toutencarto.com\/#website"},"datePublished":"2016-02-12T07:54:41+00:00","dateModified":"2023-07-10T17:13:10+00:00","description":"Formations application smartphone de randonn\u00e9e : Iphig\u00e9nie, VisuGPX, Fatmap, Visorando, AlpineQuest, etc... Sessions de formation dans toute la France. R\u00e9alisations de cartes interactives. Trekking France et \u00e9tranger.","breadcrumb":{"@id":"https:\/\/toutencarto.com\/#breadcrumb"},"inLanguage":"fr-FR","potentialAction":[{"@type":"ReadAction","target":["https:\/\/toutencarto.com\/"]}]},{"@type":"BreadcrumbList","@id":"https:\/\/toutencarto.com\/#breadcrumb","itemListElement":[{"@type":"ListItem","position":1,"name":"Accueil","item":"https:\/\/toutencarto.com\/"},{"@type":"ListItem","position":2,"name":"Accueil"}]},{"@type":"WebSite","@id":"https:\/\/toutencarto.com\/#website","url":"https:\/\/toutencarto.com\/","name":"ToutEnCarto","description":"Formations GPS et applis smartphone pour l&#039;orientation en milieu naturel","publisher":{"@id":"https:\/\/toutencarto.com\/#organization"},"potentialAction":[{"@type":"SearchAction","target":{"@type":"EntryPoint","urlTemplate":"https:\/\/toutencarto.com\/?s={search_term_string}"},"query-input":{"@type":"PropertyValueSpecification","valueRequired":true,"valueName":"search_term_string"}}],"inLanguage":"fr-FR"},{"@type":"Organization","@id":"https:\/\/toutencarto.com\/#organization","name":"ToutEnCarto","url":"https:\/\/toutencarto.com\/","logo":{"@type":"ImageObject","inLanguage":"fr-FR","@id":"https:\/\/toutencarto.com\/#\/schema\/logo\/image\/","url":"https:\/\/toutencarto.com\/wp-content\/uploads\/2023\/07\/cropped-TOUTenCARTO_LOGO-1.jpg","contentUrl":"https:\/\/toutencarto.com\/wp-content\/uploads\/2023\/07\/cropped-TOUTenCARTO_LOGO-1.jpg","width":1653,"height":607,"caption":"ToutEnCarto"},"image":{"@id":"https:\/\/toutencarto.com\/#\/schema\/logo\/image\/"}}]}},"_links":{"self":[{"href":"https:\/\/toutencarto.com\/index.php\/wp-json\/wp\/v2\/pages\/1567","targetHints":{"allow":["GET"]}}],"collection":[{"href":"https:\/\/toutencarto.com\/index.php\/wp-json\/wp\/v2\/pages"}],"about":[{"href":"https:\/\/toutencarto.com\/index.php\/wp-json\/wp\/v2\/types\/page"}],"author":[{"embeddable":true,"href":"https:\/\/toutencarto.com\/index.php\/wp-json\/wp\/v2\/users\/1"}],"replies":[{"embeddable":true,"href":"https:\/\/toutencarto.com\/index.php\/wp-json\/wp\/v2\/comments?post=1567"}],"version-history":[{"count":2,"href":"https:\/\/toutencarto.com\/index.php\/wp-json\/wp\/v2\/pages\/1567\/revisions"}],"predecessor-version":[{"id":1652,"href":"https:\/\/toutencarto.com\/index.php\/wp-json\/wp\/v2\/pages\/1567\/revisions\/1652"}],"wp:attachment":[{"href":"https:\/\/toutencarto.com\/index.php\/wp-json\/wp\/v2\/media?parent=1567"}],"curies":[{"name":"wp","href":"https:\/\/api.w.org\/{rel}","templated":true}]}}